{"id":4400,"date":"2021-10-12T15:51:09","date_gmt":"2021-10-12T15:51:09","guid":{"rendered":"http:\/\/dummy.xtemos.com\/woodmart2\/elementor\/?page_id=4400"},"modified":"2025-04-25T12:41:11","modified_gmt":"2025-04-25T12:41:11","slug":"about-us-3","status":"publish","type":"page","link":"https:\/\/stisabathrooms.com\/es\/about-us-3\/","title":{"rendered":"Acerca de nosotros"},"content":{"rendered":"<div data-elementor-type=\"wp-page\" data-elementor-id=\"4400\" class=\"elementor elementor-4400\" data-elementor-post-type=\"page\">\n\t\t\t\t<div class=\"elementor-element elementor-element-283bcd7e e-con-full wd-section-stretch-content e-flex e-con e-parent\" data-id=\"283bcd7e\" data-element_type=\"container\" data-e-type=\"container\">\n\t\t\t\t<div class=\"elementor-element elementor-element-1de85bfa wd-width-100 elementor-widget elementor-widget-wd_title\" data-id=\"1de85bfa\" data-element_type=\"widget\" data-e-type=\"widget\" data-widget_type=\"wd_title.default\">\n\t\t\t\t<div class=\"elementor-widget-container\">\n\t\t\t\t\t\t\t<div class=\"title-wrapper wd-set-mb reset-last-child wd-title-color-default wd-title-style-default wd-title-size-default text-center\">\n\n\t\t\t\n\t\t\t<div class=\"liner-continer\">\n\t\t\t\t<h4 class=\"woodmart-title-container title wd-fontsize-l\">Acerca de SIDSHA<\/h4> \n\t\t\t\t\t\t\t<\/div>\n\n\t\t\t\t\t\t\t<div class=\"title-after_title reset-last-child wd-fontsize-xs\">\n\t\t\t\t\t<p>.:<br \/>Fundada en el a\u00f1o 2017, SIDSHA cuarto de Ba\u00f1o se ha convertido en un l\u00edder en la industria de la cadena de cuarto de ba\u00f1o proveedor de soluciones, con instalaciones en funcionamiento que abarca decenas de miles de metros cuadrados y un equipo de m\u00e1s de 100 profesionales y t\u00e9cnicos. La empresa integra R&amp;D, dise\u00f1o, fabricaci\u00f3n, y comercializaci\u00f3n, para ofrecer alta calidad en productos para el ba\u00f1o. SIDSHA del n\u00facleo de la oferta de productos incluyen: Durasein cuarto de ba\u00f1o de la vanidad, de ingenier\u00eda de piedra de cer\u00e1mica de la vanidad de ba\u00f1o, ba\u00f1era, espejo , mesas de comedor, gabinetes de almacenamiento, DuPont Corian de la vanidad de ba\u00f1o, grifos y cabezas de ducha, accesorios de hardware, y otros relacionados con productos para el ba\u00f1o. SIDSHA opera cuatro subsidiarias, en tres centros de investigaci\u00f3n y desarrollo, y dos bases de producci\u00f3n. Nos adherimos estrictamente a administrar todos los aspectos de dise\u00f1o de productos, procesos de producci\u00f3n y control de calidad para asegurar que cada cuarto de ba\u00f1o producto es seguro, de dise\u00f1o elegante, moderno y f\u00e1cil de usar. Con un firme compromiso con la excelencia, nuestros productos se exportan a m\u00e1s de 100 pa\u00edses y regiones de todo el mundo, consolidando SIDSHA reputaci\u00f3n como una confianza global de la marca en los sanitarios de la industria.<\/p><p>.<\/p>\t\t\t\t<\/div>\n\t\t\t\t\t<\/div>\n\t\t\t\t\t\t<\/div>\n\t\t\t\t<\/div>\n\t\t\t\t<\/div>\n\t\t<div class=\"elementor-element elementor-element-3619cb9 e-con-full wd-section-stretch-content e-flex e-con e-parent\" data-id=\"3619cb9\" data-element_type=\"container\" data-e-type=\"container\">\n\t\t<div class=\"elementor-element elementor-element-350e3e4 e-grid e-con-full e-con e-child\" data-id=\"350e3e4\" data-element_type=\"container\" data-e-type=\"container\">\n\t\t\t\t<div class=\"elementor-element elementor-element-4c0cdeb elementor-widget elementor-widget-counter\" data-id=\"4c0cdeb\" data-element_type=\"widget\" data-e-type=\"widget\" data-widget_type=\"counter.default\">\n\t\t\t\t<div class=\"elementor-widget-container\">\n\t\t\t\t\t\t\t<div class=\"elementor-counter\">\n\t\t\t<div class=\"elementor-counter-title\">Plaza Meterss Taller   <\/div>\t\t\t<div class=\"elementor-counter-number-wrapper\">\n\t\t\t\t<span class=\"elementor-counter-number-prefix\"><\/span>\n\t\t\t\t<span class=\"elementor-counter-number\" data-duration=\"2000\" data-to-value=\"10000\" data-from-value=\"0\" data-delimiter=\",\">0<\/span>\n\t\t\t\t<span class=\"elementor-counter-number-suffix\"><\/span>\n\t\t\t<\/div>\n\t\t<\/div>\n\t\t\t\t\t\t<\/div>\n\t\t\t\t<\/div>\n\t\t\t\t<div class=\"elementor-element elementor-element-38db0a8 elementor-widget elementor-widget-counter\" data-id=\"38db0a8\" data-element_type=\"widget\" data-e-type=\"widget\" data-widget_type=\"counter.default\">\n\t\t\t\t<div class=\"elementor-widget-container\">\n\t\t\t\t\t\t\t<div class=\"elementor-counter\">\n\t\t\t<div class=\"elementor-counter-title\">Empleado M\u00e1s De <\/div>\t\t\t<div class=\"elementor-counter-number-wrapper\">\n\t\t\t\t<span class=\"elementor-counter-number-prefix\"><\/span>\n\t\t\t\t<span class=\"elementor-counter-number\" data-duration=\"2000\" data-to-value=\"200\" data-from-value=\"0\" data-delimiter=\",\">0<\/span>\n\t\t\t\t<span class=\"elementor-counter-number-suffix\"><\/span>\n\t\t\t<\/div>\n\t\t<\/div>\n\t\t\t\t\t\t<\/div>\n\t\t\t\t<\/div>\n\t\t\t\t<div class=\"elementor-element elementor-element-fc58651 elementor-widget elementor-widget-counter\" data-id=\"fc58651\" data-element_type=\"widget\" data-e-type=\"widget\" data-widget_type=\"counter.default\">\n\t\t\t\t<div class=\"elementor-widget-container\">\n\t\t\t\t\t\t\t<div class=\"elementor-counter\">\n\t\t\t<div class=\"elementor-counter-title\">Mes De La Salida De Prouct <\/div>\t\t\t<div class=\"elementor-counter-number-wrapper\">\n\t\t\t\t<span class=\"elementor-counter-number-prefix\"><\/span>\n\t\t\t\t<span class=\"elementor-counter-number\" data-duration=\"2000\" data-to-value=\"4000\" data-from-value=\"0\" data-delimiter=\",\">0<\/span>\n\t\t\t\t<span class=\"elementor-counter-number-suffix\"><\/span>\n\t\t\t<\/div>\n\t\t<\/div>\n\t\t\t\t\t\t<\/div>\n\t\t\t\t<\/div>\n\t\t\t\t<\/div>\n\t\t\t\t<\/div>\n\t\t<div class=\"elementor-element elementor-element-1d65528 e-con-full wd-section-stretch-content e-flex e-con e-parent\" data-id=\"1d65528\" data-element_type=\"container\" data-e-type=\"container\">\n\t\t\t\t<div class=\"elementor-element elementor-element-9336a32 elementor-widget elementor-widget-image\" data-id=\"9336a32\" data-element_type=\"widget\" data-e-type=\"widget\" data-widget_type=\"image.default\">\n\t\t\t\t<div class=\"elementor-widget-container\">\n\t\t\t\t\t\t\t\t\t\t\t\t\t\t\t<img fetchpriority=\"high\" decoding=\"async\" width=\"1300\" height=\"721\" src=\"https:\/\/stisabathrooms.com\/wp-content\/uploads\/2025\/03\/\u5fae\u4fe1\u56fe\u7247_20250304222849-1300x721.jpg\" class=\"attachment-large size-large wp-image-27473\" alt=\"\" srcset=\"https:\/\/stisabathrooms.com\/wp-content\/uploads\/2025\/03\/\u5fae\u4fe1\u56fe\u7247_20250304222849-1300x721.jpg 1300w, https:\/\/stisabathrooms.com\/wp-content\/uploads\/2025\/03\/\u5fae\u4fe1\u56fe\u7247_20250304222849-430x238.jpg 430w, https:\/\/stisabathrooms.com\/wp-content\/uploads\/2025\/03\/\u5fae\u4fe1\u56fe\u7247_20250304222849-150x83.jpg 150w, https:\/\/stisabathrooms.com\/wp-content\/uploads\/2025\/03\/\u5fae\u4fe1\u56fe\u7247_20250304222849-700x388.jpg 700w, https:\/\/stisabathrooms.com\/wp-content\/uploads\/2025\/03\/\u5fae\u4fe1\u56fe\u7247_20250304222849-400x222.jpg 400w, https:\/\/stisabathrooms.com\/wp-content\/uploads\/2025\/03\/\u5fae\u4fe1\u56fe\u7247_20250304222849-768x426.jpg 768w, https:\/\/stisabathrooms.com\/wp-content\/uploads\/2025\/03\/\u5fae\u4fe1\u56fe\u7247_20250304222849-1536x851.jpg 1536w, https:\/\/stisabathrooms.com\/wp-content\/uploads\/2025\/03\/\u5fae\u4fe1\u56fe\u7247_20250304222849.jpg 1898w\" sizes=\"(max-width: 1300px) 100vw, 1300px\" \/>\t\t\t\t\t\t\t\t\t\t\t\t\t\t\t<\/div>\n\t\t\t\t<\/div>\n\t\t\t\t<\/div>\n\t\t<div class=\"elementor-element elementor-element-2dba5c55 e-con-full wd-section-stretch-content e-flex e-con e-parent\" data-id=\"2dba5c55\" data-element_type=\"container\" data-e-type=\"container\">\n\t\t<div class=\"elementor-element elementor-element-78672645 e-con-full e-flex e-con e-child\" data-id=\"78672645\" data-element_type=\"container\" data-e-type=\"container\">\n\t\t\t\t<div class=\"elementor-element elementor-element-4106772e elementor-widget__width-initial elementor-widget-mobile__width-inherit wd-width-100 elementor-widget elementor-widget-wd_title\" data-id=\"4106772e\" data-element_type=\"widget\" data-e-type=\"widget\" data-widget_type=\"wd_title.default\">\n\t\t\t\t<div class=\"elementor-widget-container\">\n\t\t\t\t\t\t\t<div class=\"title-wrapper wd-set-mb reset-last-child wd-title-color-default wd-title-style-default wd-title-size-default text-left\">\n\n\t\t\t\n\t\t\t<div class=\"liner-continer\">\n\t\t\t\t<h4 class=\"woodmart-title-container title wd-fontsize-l\">El Liderazgo En Calidad\uff1a<\/h4> \n\t\t\t\t\t\t\t<\/div>\n\n\t\t\t\t\t\t\t<div class=\"title-after_title reset-last-child wd-fontsize-xs\">\n\t\t\t\t\t<p>damos prioridad a la excelencia mediante el abastecimiento de materiales de alta calidad y la utilizaci\u00f3n de estado-de-la-arte de la fabricaci\u00f3n de equipos y procesos. Cada producto est\u00e1 dise\u00f1ado para ofrecer inigualable durabilidad, est\u00e9tica y precisi\u00f3n dimensional. Nuestro riguroso sistema de control de calidad asegura el estricto escrutinio en cada etapa\u2014a partir de materias primas de inspecci\u00f3n para la final de la asamblea, garantizando un perfecto rendimiento y valor a largo plazo.<\/p>\t\t\t\t<\/div>\n\t\t\t\t\t<\/div>\n\t\t\t\t\t\t<\/div>\n\t\t\t\t<\/div>\n\t\t\t\t<\/div>\n\t\t<div class=\"elementor-element elementor-element-7a53c480 e-con-full e-flex e-con e-child\" data-id=\"7a53c480\" data-element_type=\"container\" data-e-type=\"container\">\n\t\t\t\t<div class=\"elementor-element elementor-element-5fc16c32 elementor-widget elementor-widget-image\" data-id=\"5fc16c32\" data-element_type=\"widget\" data-e-type=\"widget\" data-widget_type=\"image.default\">\n\t\t\t\t<div class=\"elementor-widget-container\">\n\t\t\t\t\t\t\t\t\t\t\t\t\t\t\t<img decoding=\"async\" width=\"480\" height=\"550\" src=\"https:\/\/stisabathrooms.com\/wp-content\/uploads\/2025\/03\/p06-1-s07-pic-01.webp\" class=\"attachment-large size-large wp-image-27782\" alt=\"\" srcset=\"https:\/\/stisabathrooms.com\/wp-content\/uploads\/2025\/03\/p06-1-s07-pic-01.webp 480w, https:\/\/stisabathrooms.com\/wp-content\/uploads\/2025\/03\/p06-1-s07-pic-01-262x300.webp 262w, https:\/\/stisabathrooms.com\/wp-content\/uploads\/2025\/03\/p06-1-s07-pic-01-430x493.webp 430w, https:\/\/stisabathrooms.com\/wp-content\/uploads\/2025\/03\/p06-1-s07-pic-01-150x172.webp 150w\" sizes=\"(max-width: 480px) 100vw, 480px\" \/>\t\t\t\t\t\t\t\t\t\t\t\t\t\t\t<\/div>\n\t\t\t\t<\/div>\n\t\t\t\t<\/div>\n\t\t\t\t<\/div>\n\t\t<div class=\"elementor-element elementor-element-b2d6c2e e-con-full wd-section-stretch-content e-flex e-con e-parent\" data-id=\"b2d6c2e\" data-element_type=\"container\" data-e-type=\"container\">\n\t\t<div class=\"elementor-element elementor-element-c1c0a69 e-con-full e-flex e-con e-child\" data-id=\"c1c0a69\" data-element_type=\"container\" data-e-type=\"container\">\n\t\t\t\t<div class=\"elementor-element elementor-element-f042650 elementor-widget__width-initial elementor-widget-mobile__width-inherit wd-width-100 elementor-widget elementor-widget-wd_title\" data-id=\"f042650\" data-element_type=\"widget\" data-e-type=\"widget\" data-widget_type=\"wd_title.default\">\n\t\t\t\t<div class=\"elementor-widget-container\">\n\t\t\t\t\t\t\t<div class=\"title-wrapper wd-set-mb reset-last-child wd-title-color-default wd-title-style-default wd-title-size-default text-left\">\n\n\t\t\t\n\t\t\t<div class=\"liner-continer\">\n\t\t\t\t<h4 class=\"woodmart-title-container title wd-fontsize-l\">Servicio Personalizado\uff1a<\/h4> \n\t\t\t\t\t\t\t<\/div>\n\n\t\t\t\t\t\t\t<div class=\"title-after_title reset-last-child wd-fontsize-xs\">\n\t\t\t\t\t<p>Con un equipo de experimentados dise\u00f1adores, estamos continuamente innovando para introducir nuevas tendencias de mueble de ba\u00f1o dise\u00f1os mientras que la oferta personalizada de servicios de personalizaci\u00f3n. A partir de bocetos para soluciones a medida, colaboramos estrechamente con los clientes para crear uno-de-uno-tipo de productos que reflejan su estilo \u00fanico y requisitos funcionales.<\/p>\t\t\t\t<\/div>\n\t\t\t\t\t<\/div>\n\t\t\t\t\t\t<\/div>\n\t\t\t\t<\/div>\n\t\t\t\t<\/div>\n\t\t<div class=\"elementor-element elementor-element-772d788 e-con-full e-flex e-con e-child\" data-id=\"772d788\" data-element_type=\"container\" data-e-type=\"container\">\n\t\t\t\t<div class=\"elementor-element elementor-element-bdd8227 elementor-widget elementor-widget-image\" data-id=\"bdd8227\" data-element_type=\"widget\" data-e-type=\"widget\" data-widget_type=\"image.default\">\n\t\t\t\t<div class=\"elementor-widget-container\">\n\t\t\t\t\t\t\t\t\t\t\t\t\t\t\t<img decoding=\"async\" width=\"580\" height=\"435\" src=\"https:\/\/stisabathrooms.com\/wp-content\/uploads\/2025\/03\/p07-1-s04-pic.webp\" class=\"attachment-large size-large wp-image-27783\" alt=\"\" srcset=\"https:\/\/stisabathrooms.com\/wp-content\/uploads\/2025\/03\/p07-1-s04-pic.webp 580w, https:\/\/stisabathrooms.com\/wp-content\/uploads\/2025\/03\/p07-1-s04-pic-400x300.webp 400w, https:\/\/stisabathrooms.com\/wp-content\/uploads\/2025\/03\/p07-1-s04-pic-430x323.webp 430w, https:\/\/stisabathrooms.com\/wp-content\/uploads\/2025\/03\/p07-1-s04-pic-150x113.webp 150w\" sizes=\"(max-width: 580px) 100vw, 580px\" \/>\t\t\t\t\t\t\t\t\t\t\t\t\t\t\t<\/div>\n\t\t\t\t<\/div>\n\t\t\t\t<\/div>\n\t\t\t\t<\/div>\n\t\t<div class=\"elementor-element elementor-element-32a2fee e-con-full wd-section-stretch-content e-flex e-con e-parent\" data-id=\"32a2fee\" data-element_type=\"container\" data-e-type=\"container\">\n\t\t<div class=\"elementor-element elementor-element-378b237 e-con-full e-flex e-con e-child\" data-id=\"378b237\" data-element_type=\"container\" data-e-type=\"container\">\n\t\t\t\t<div class=\"elementor-element elementor-element-460acc8 elementor-widget__width-initial elementor-widget-mobile__width-inherit wd-width-100 elementor-widget elementor-widget-wd_title\" data-id=\"460acc8\" data-element_type=\"widget\" data-e-type=\"widget\" data-widget_type=\"wd_title.default\">\n\t\t\t\t<div class=\"elementor-widget-container\">\n\t\t\t\t\t\t\t<div class=\"title-wrapper wd-set-mb reset-last-child wd-title-color-default wd-title-style-default wd-title-size-default text-left\">\n\n\t\t\t\n\t\t\t<div class=\"liner-continer\">\n\t\t\t\t<h4 class=\"woodmart-title-container title wd-fontsize-l\">La Eficiencia De La Producci\u00f3n\uff1a<\/h4> \n\t\t\t\t\t\t\t<\/div>\n\n\t\t\t\t\t\t\t<div class=\"title-after_title reset-last-child wd-fontsize-xs\">\n\t\t\t\t\t<p>Equipado con una producci\u00f3n a gran escala de la base y modernizaci\u00f3n de las l\u00edneas de producci\u00f3n, podemos manejar de manera eficiente tanto en los pedidos a granel y proyectos urgentes. Nuestro racionalizaci\u00f3n de los procesos a mejorar la productividad, reducir los tiempos de entrega, y nos permiten ofrecer productos de alta calidad de los gabinetes de cuarto de ba\u00f1o en la programaci\u00f3n, incluso para proyectos de gran escala.<\/p>\t\t\t\t<\/div>\n\t\t\t\t\t<\/div>\n\t\t\t\t\t\t<\/div>\n\t\t\t\t<\/div>\n\t\t\t\t<\/div>\n\t\t<div class=\"elementor-element elementor-element-d161e74 e-con-full e-flex e-con e-child\" data-id=\"d161e74\" data-element_type=\"container\" data-e-type=\"container\">\n\t\t\t\t<div class=\"elementor-element elementor-element-fa9feed elementor-widget elementor-widget-image\" data-id=\"fa9feed\" data-element_type=\"widget\" data-e-type=\"widget\" data-widget_type=\"image.default\">\n\t\t\t\t<div class=\"elementor-widget-container\">\n\t\t\t\t\t\t\t\t\t\t\t\t\t\t\t<img loading=\"lazy\" decoding=\"async\" width=\"850\" height=\"580\" src=\"https:\/\/stisabathrooms.com\/wp-content\/uploads\/2025\/03\/p04-5-s03-pic-01.webp\" class=\"attachment-large size-large wp-image-27784\" alt=\"\" srcset=\"https:\/\/stisabathrooms.com\/wp-content\/uploads\/2025\/03\/p04-5-s03-pic-01.webp 850w, https:\/\/stisabathrooms.com\/wp-content\/uploads\/2025\/03\/p04-5-s03-pic-01-400x273.webp 400w, https:\/\/stisabathrooms.com\/wp-content\/uploads\/2025\/03\/p04-5-s03-pic-01-768x524.webp 768w, https:\/\/stisabathrooms.com\/wp-content\/uploads\/2025\/03\/p04-5-s03-pic-01-430x293.webp 430w, https:\/\/stisabathrooms.com\/wp-content\/uploads\/2025\/03\/p04-5-s03-pic-01-700x478.webp 700w, https:\/\/stisabathrooms.com\/wp-content\/uploads\/2025\/03\/p04-5-s03-pic-01-150x102.webp 150w\" sizes=\"(max-width: 850px) 100vw, 850px\" \/>\t\t\t\t\t\t\t\t\t\t\t\t\t\t\t<\/div>\n\t\t\t\t<\/div>\n\t\t\t\t<\/div>\n\t\t\t\t<\/div>\n\t\t\t\t<\/div>","protected":false},"excerpt":{"rendered":"<p>About SIDSHA .:Founded in 2017, SIDSHA Bathroom has grown into a leading full-industry-chain bathroom solutions provider, with operational facilities spanning<\/p>","protected":false},"author":1,"featured_media":0,"parent":0,"menu_order":0,"comment_status":"closed","ping_status":"closed","template":"","meta":{"footnotes":""},"class_list":["post-4400","page","type-page","status-publish","hentry"],"_links":{"self":[{"href":"https:\/\/stisabathrooms.com\/es\/wp-json\/wp\/v2\/pages\/4400","targetHints":{"allow":["GET"]}}],"collection":[{"href":"https:\/\/stisabathrooms.com\/es\/wp-json\/wp\/v2\/pages"}],"about":[{"href":"https:\/\/stisabathrooms.com\/es\/wp-json\/wp\/v2\/types\/page"}],"author":[{"embeddable":true,"href":"https:\/\/stisabathrooms.com\/es\/wp-json\/wp\/v2\/users\/1"}],"replies":[{"embeddable":true,"href":"https:\/\/stisabathrooms.com\/es\/wp-json\/wp\/v2\/comments?post=4400"}],"version-history":[{"count":9,"href":"https:\/\/stisabathrooms.com\/es\/wp-json\/wp\/v2\/pages\/4400\/revisions"}],"predecessor-version":[{"id":30648,"href":"https:\/\/stisabathrooms.com\/es\/wp-json\/wp\/v2\/pages\/4400\/revisions\/30648"}],"wp:attachment":[{"href":"https:\/\/stisabathrooms.com\/es\/wp-json\/wp\/v2\/media?parent=4400"}],"curies":[{"name":"wp","href":"https:\/\/api.w.org\/{rel}","templated":true}]}}